{"id":20,"date":"2018-09-30T15:48:55","date_gmt":"2018-09-30T15:48:55","guid":{"rendered":"http:\/\/xn--bltenzauber-unkel-32b.de\/?page_id=20"},"modified":"2024-07-01T05:57:44","modified_gmt":"2024-07-01T05:57:44","slug":"startseite","status":"publish","type":"page","link":"https:\/\/xn--bltenzauber-unkel-32b.de\/","title":{"rendered":"Startseite"},"content":{"rendered":"<p id=\"ueberuns\" style=\"text-align: center;\">Wir freuen uns, da\u00df Sie unsere Web-Seite besuchen und hoffen, da\u00df Sie somit einen Einblick von unserem Blumenfachgesch\u00e4ft-Bl\u00fctenzauber bekommen.<\/p>\n<p><img loading=\"lazy\" decoding=\"async\" class=\"size-medium wp-image-5 aligncenter\" src=\"http:\/\/xn--bltenzauber-unkel-32b.de\/wp-content\/uploads\/2018\/09\/Logo-300x129.png\" alt=\"\" width=\"300\" height=\"129\" srcset=\"https:\/\/xn--bltenzauber-unkel-32b.de\/wp-content\/uploads\/2018\/09\/Logo-300x129.png 300w, https:\/\/xn--bltenzauber-unkel-32b.de\/wp-content\/uploads\/2018\/09\/Logo-768x331.png 768w, https:\/\/xn--bltenzauber-unkel-32b.de\/wp-content\/uploads\/2018\/09\/Logo-1024x441.png 1024w, https:\/\/xn--bltenzauber-unkel-32b.de\/wp-content\/uploads\/2018\/09\/Logo.png 1133w\" sizes=\"auto, (max-width: 300px) 100vw, 300px\" \/><\/p>\n<p style=\"text-align: center;\">Mein Name ist Simone Ott, ich bin gelernte Floristin und habe mich 2009 selbstst\u00e4ndig gemacht. Am 01.03.2018 bin ich nach Unkel umgezogen und habe dort das Blumenfachgesch\u00e4ft Welsch \u00fcbernommen. Ich freue mich auf diese neue Herausforderung und hoffe Sie bald begr\u00fc\u00dfen zu d\u00fcrfen. Lassen Sie sich von unserem Angebot verzaubern.<\/p>\n<hr>\n<p style=\"text-align: center;\">Montag bis Freitag: 8:30-12:30 Uhr und 14:30-18:00 Uhr<br>Ausnahme: <strong>Mittwochnachmittags<\/strong> bleibt unser Gesch\u00e4ft geschlossen<br>Samstag: 8:30-13:00 Uhr<br>Sonntag: geschlossen<\/p>\n<p style=\"text-align: center;\"><img loading=\"lazy\" decoding=\"async\" class=\"alignnone size-full wp-image-48\" src=\"http:\/\/xn--bltenzauber-unkel-32b.de\/wp-content\/uploads\/2018\/09\/IhrBluetenzauberTeam.png\" alt=\"\" width=\"300\" height=\"50\"><\/p>\n<p><img loading=\"lazy\" decoding=\"async\" class=\"alignnone wp-image-73\" src=\"http:\/\/xn--bltenzauber-unkel-32b.de\/wp-content\/uploads\/2018\/09\/Blumengesteck-1024x455.jpg\" alt=\"\" width=\"1024\" height=\"455\" srcset=\"https:\/\/xn--bltenzauber-unkel-32b.de\/wp-content\/uploads\/2018\/09\/Blumengesteck-1024x455.jpg 1024w, https:\/\/xn--bltenzauber-unkel-32b.de\/wp-content\/uploads\/2018\/09\/Blumengesteck-300x133.jpg 300w, https:\/\/xn--bltenzauber-unkel-32b.de\/wp-content\/uploads\/2018\/09\/Blumengesteck-768x341.jpg 768w\" sizes=\"auto, (max-width: 767px) 89vw, (max-width: 1000px) 54vw, (max-width: 1071px) 543px, 580px\" \/><\/p>\n<h2 id=\"angebot\" style=\"text-align: center;\">Angebot<\/h2>\n<p>Wir haben t\u00e4glich ein reichhaltiges Angebot an Schnittblumen und Topfpflanzen f\u00fcr den innen und au\u00dfen Bereich.&nbsp;Zur jeder Jahreszeit haben wir sch\u00f6ne Accessoires und Geschenkartikel.&nbsp;Besuchen Sie uns. Wir freuen uns auf Ihren Besuch.<\/p>\n<table style=\"background-color: #3a2148; color: #ffffff; border-radius: 25px; text-align: center;\">\n<tbody>\n<tr valign=\"top\">\n<td style=\"padding: 15px;\">\n<h3 style=\"text-align: center; color: #ffffff;\">Eventfloristik<\/h3>\n<p><img loading=\"lazy\" decoding=\"async\" class=\"size-full wp-image-51 aligncenter\" src=\"http:\/\/xn--bltenzauber-unkel-32b.de\/wp-content\/uploads\/2018\/09\/Eventfloristik.png\" alt=\"\" width=\"250\" height=\"250\" srcset=\"https:\/\/xn--bltenzauber-unkel-32b.de\/wp-content\/uploads\/2018\/09\/Eventfloristik.png 400w, https:\/\/xn--bltenzauber-unkel-32b.de\/wp-content\/uploads\/2018\/09\/Eventfloristik-150x150.png 150w, https:\/\/xn--bltenzauber-unkel-32b.de\/wp-content\/uploads\/2018\/09\/Eventfloristik-300x300.png 300w, https:\/\/xn--bltenzauber-unkel-32b.de\/wp-content\/uploads\/2018\/09\/Eventfloristik-100x100.png 100w\" sizes=\"auto, (max-width: 250px) 100vw, 250px\" \/><\/p>\n<p>Wir gestalten individuelle Blumenstr\u00e4u\u00dfe und Gestecke zu jedem Anlass. Jedes Werkst\u00fcck ist einzigartig.<\/p>\n<ul style=\"list-style-type: none;\">\n<li>Geburtstag<\/li>\n<li>Jubil\u00e4um<\/li>\n<li>Taufe<\/li>\n<li>Goldhochzeit<\/li>\n<li>Weitere Anl\u00e4sse<\/li>\n<\/ul>\n<\/td>\n<td style=\"padding: 15px;\">\n<h3 style=\"text-align: center; color: #ffffff;\">Hochzeitsfloristik<\/h3>\n<p><img loading=\"lazy\" decoding=\"async\" class=\"size-full wp-image-52 aligncenter\" src=\"http:\/\/xn--bltenzauber-unkel-32b.de\/wp-content\/uploads\/2018\/09\/Hochzeitsfloristik.png\" alt=\"\" width=\"250\" height=\"250\" srcset=\"https:\/\/xn--bltenzauber-unkel-32b.de\/wp-content\/uploads\/2018\/09\/Hochzeitsfloristik.png 400w, https:\/\/xn--bltenzauber-unkel-32b.de\/wp-content\/uploads\/2018\/09\/Hochzeitsfloristik-150x150.png 150w, https:\/\/xn--bltenzauber-unkel-32b.de\/wp-content\/uploads\/2018\/09\/Hochzeitsfloristik-300x300.png 300w, https:\/\/xn--bltenzauber-unkel-32b.de\/wp-content\/uploads\/2018\/09\/Hochzeitsfloristik-100x100.png 100w\" sizes=\"auto, (max-width: 250px) 100vw, 250px\" \/><\/p>\n<p>Der sch\u00f6nste Tag in Ihrem Leben &#8211; Versch\u00f6nern Sie diesen mit passendem Blumenschmuck.<\/p>\n<ul style=\"list-style-type: none;\">\n<li>Standesamtstrau\u00df<\/li>\n<li>Brautstrau\u00df f\u00fcr die<br>kirchliche Trauung<\/li>\n<li>Haarschmuck<\/li>\n<li>Blumenanstecker<\/li>\n<li>Wurfstrau\u00df<\/li>\n<li>Autoschmuck<\/li>\n<li>Kirchenschmuck<\/li>\n<li>Streuk\u00f6rbchen<\/li>\n<li>Tischdekoration<\/li>\n<\/ul>\n<\/td>\n<td style=\"padding: 15px;\">\n<h3 style=\"text-align: center; color: #ffffff;\">Trauerfloristik<\/h3>\n<p><img loading=\"lazy\" decoding=\"async\" class=\"size-full wp-image-53 aligncenter\" src=\"http:\/\/xn--bltenzauber-unkel-32b.de\/wp-content\/uploads\/2018\/09\/Trauerfloristik.png\" alt=\"\" width=\"250\" height=\"250\" srcset=\"https:\/\/xn--bltenzauber-unkel-32b.de\/wp-content\/uploads\/2018\/09\/Trauerfloristik.png 400w, https:\/\/xn--bltenzauber-unkel-32b.de\/wp-content\/uploads\/2018\/09\/Trauerfloristik-150x150.png 150w, https:\/\/xn--bltenzauber-unkel-32b.de\/wp-content\/uploads\/2018\/09\/Trauerfloristik-300x300.png 300w, https:\/\/xn--bltenzauber-unkel-32b.de\/wp-content\/uploads\/2018\/09\/Trauerfloristik-100x100.png 100w\" sizes=\"auto, (max-width: 250px) 100vw, 250px\" \/><\/p>\n<p>Wir stehen Ihnen in dieser schwierigen Zeit bei und gestalten den Blumenschmuck nach Ihren W\u00fcnschen.<\/p>\n<ul style=\"list-style-type: none;\">\n<li>Trauerkranz<\/li>\n<li>Sargschmuck<\/li>\n<li>Urnenkranz<\/li>\n<li>Trauergesteck<\/li>\n<li>Pflanzring<\/li>\n<li>Trauerschalen<\/li>\n<li>Handstr\u00e4u\u00dfe<\/li>\n<li>Rosenbl\u00e4tter<\/li>\n<\/ul>\n<\/td>\n<\/tr>\n<\/tbody>\n<\/table>\n<h2 id=\"angebot\" style=\"text-align: center;\">Galerie Bl\u00fctenzauber<\/h2>\n<p>&nbsp;<\/p>\n<center><br>\nngg_shortcode_0_placeholder\n<\/center>\n<p>&nbsp;<\/p>\n<p><span style=\"color: #666666; font-size: 1.25rem;\">Galerie Hochzeitsfloristik<\/span><\/p>\n<p>&nbsp;<\/p>\n<center><br>\nngg_shortcode_1_placeholder\n<\/center>\n<p>&nbsp;<\/p>\n<p><span style=\"color: #666666; font-size: 1.25rem;\">Galerie Tischgedeke<\/span><\/p>\n<p>&nbsp;<\/p>\n<center><br>\nngg_shortcode_2_placeholder\n<\/center>\n<p>&nbsp;<\/p>\n<p><span style=\"color: #666666; font-size: 1.25rem;\">Galerie Trauerfloristik<\/span><\/p>\n<p>&nbsp;<\/p>\n<center><br>\nngg_shortcode_3_placeholder\n<\/center>\n<p>&nbsp;<\/p>\n<p><span style=\"color: #666666; font-size: 1.25rem;\">Fleurop<\/span><\/p>\n<p>&nbsp;<\/p>\n<p>&nbsp;<\/p>\n<p>&nbsp;<\/p>\n<p style=\"text-align: center;\">Sie k\u00f6nnen bei uns Fleurop-Gutscheine kaufen oder einl\u00f6sen. Haben Sie Familie\/Freunde in einer anderen Stadt wohnen?<\/p>\n<p style=\"text-align: center;\"><img loading=\"lazy\" decoding=\"async\" class=\"alignnone size-full wp-image-80\" src=\"http:\/\/xn--bltenzauber-unkel-32b.de\/wp-content\/uploads\/2018\/09\/Fleurop.gif\" alt=\"\" width=\"300\" height=\"179\"><\/p>\n<p style=\"text-align: center;\">\u00dcberraschen Sie sie doch mit einem Blumengru\u00df.<\/p>\n<h2><img loading=\"lazy\" decoding=\"async\" class=\"alignnone wp-image-70\" src=\"http:\/\/xn--bltenzauber-unkel-32b.de\/wp-content\/uploads\/2018\/09\/DSC_0012-Final-1024x683.jpg\" alt=\"\" width=\"1024\" height=\"683\" srcset=\"https:\/\/xn--bltenzauber-unkel-32b.de\/wp-content\/uploads\/2018\/09\/DSC_0012-Final-1024x683.jpg 1024w, https:\/\/xn--bltenzauber-unkel-32b.de\/wp-content\/uploads\/2018\/09\/DSC_0012-Final-300x200.jpg 300w, https:\/\/xn--bltenzauber-unkel-32b.de\/wp-content\/uploads\/2018\/09\/DSC_0012-Final-768x512.jpg 768w\" sizes=\"auto, (max-width: 767px) 89vw, (max-width: 1000px) 54vw, (max-width: 1071px) 543px, 580px\" \/><\/h2>\n<h2 id=\"Kontakt\" style=\"text-align: center;\">Kontakt<\/h2>\n<p>Bl\u00fctenzauber<br>Simone Ott<br>Bahnhofstra\u00dfe 18<br>53572 Unkel<br>Tel.: 02224\/71360<br><a href=\"mailto:info@bl\u00fctenzauber-unkel.de\">Mail: <\/a><a href=\"mailto:info@xn--bltenzauber-unkel-32b.de\">info@bl\u00fctenzauber-unkel.de<\/a><\/p>\n<p><a href=\"https:\/\/de-de.facebook.com\/pages\/category\/Shopping---Retail\/Bl\u00fctenzauber-415583061838868\/\"><img loading=\"lazy\" decoding=\"async\" class=\"alignleft wp-image-82\" src=\"http:\/\/xn--bltenzauber-unkel-32b.de\/wp-content\/uploads\/2018\/09\/flogo.png\" alt=\"\" width=\"40\" height=\"40\" srcset=\"https:\/\/xn--bltenzauber-unkel-32b.de\/wp-content\/uploads\/2018\/09\/flogo.png 250w, https:\/\/xn--bltenzauber-unkel-32b.de\/wp-content\/uploads\/2018\/09\/flogo-150x150.png 150w, https:\/\/xn--bltenzauber-unkel-32b.de\/wp-content\/uploads\/2018\/09\/flogo-100x100.png 100w\" sizes=\"auto, (max-width: 40px) 100vw, 40px\" \/><\/a><br>&nbsp;<br><iframe loading=\"lazy\" style=\"border: 0;\" src=\"https:\/\/www.google.com\/maps\/embed?pb=!1m14!1m8!1m3!1d10129.546284259293!2d7.2192526!3d50.601354!3m2!1i1024!2i768!4f13.1!3m3!1m2!1s0x0%3A0x827db2c83eedf41c!2sBl%C3%BCtenzauber+Simone+Ott!5e0!3m2!1sde!2sde!4v1540123433260\" width=\"1024\" height=\"450\" frameborder=\"0\" allowfullscreen=\"allowfullscreen\"><\/iframe><\/p>\n\n\n<p class=\"has-text-align-center\"><a href=\"http:\/\/xn--bltenzauber-unkel-32b.de\/?page_id=85\">Impressum<\/a><\/p>\n","protected":false},"excerpt":{"rendered":"<p>Wir freuen uns, da\u00df Sie unsere Web-Seite besuchen und hoffen, da\u00df Sie somit einen Einblick von unserem Blumenfachgesch\u00e4ft-Bl\u00fctenzauber bekommen. Mein Name ist Simone Ott, ich bin gelernte Floristin und habe mich 2009 selbstst\u00e4ndig gemacht. Am 01.03.2018 bin ich nach Unkel umgezogen und habe dort das Blumenfachgesch\u00e4ft Welsch \u00fcbernommen. Ich freue mich auf diese neue Herausforderung &hellip; <\/p>\n<p class=\"link-more\"><a href=\"https:\/\/xn--bltenzauber-unkel-32b.de\/\" class=\"more-link\"><span class=\"screen-reader-text\">\u201eStartseite\u201c <\/span>weiterlesen<\/a><\/p>\n","protected":false},"author":1,"featured_media":0,"parent":0,"menu_order":0,"comment_status":"closed","ping_status":"closed","template":"","meta":{"ngg_post_thumbnail":0,"footnotes":""},"class_list":["post-20","page","type-page","status-publish","hentry"],"_links":{"self":[{"href":"https:\/\/xn--bltenzauber-unkel-32b.de\/index.php?rest_route=\/wp\/v2\/pages\/20","targetHints":{"allow":["GET"]}}],"collection":[{"href":"https:\/\/xn--bltenzauber-unkel-32b.de\/index.php?rest_route=\/wp\/v2\/pages"}],"about":[{"href":"https:\/\/xn--bltenzauber-unkel-32b.de\/index.php?rest_route=\/wp\/v2\/types\/page"}],"author":[{"embeddable":true,"href":"https:\/\/xn--bltenzauber-unkel-32b.de\/index.php?rest_route=\/wp\/v2\/users\/1"}],"replies":[{"embeddable":true,"href":"https:\/\/xn--bltenzauber-unkel-32b.de\/index.php?rest_route=%2Fwp%2Fv2%2Fcomments&post=20"}],"version-history":[{"count":100,"href":"https:\/\/xn--bltenzauber-unkel-32b.de\/index.php?rest_route=\/wp\/v2\/pages\/20\/revisions"}],"predecessor-version":[{"id":321,"href":"https:\/\/xn--bltenzauber-unkel-32b.de\/index.php?rest_route=\/wp\/v2\/pages\/20\/revisions\/321"}],"wp:attachment":[{"href":"https:\/\/xn--bltenzauber-unkel-32b.de\/index.php?rest_route=%2Fwp%2Fv2%2Fmedia&parent=20"}],"curies":[{"name":"wp","href":"https:\/\/api.w.org\/{rel}","templated":true}]}}